{"id":5,"date":"2014-05-09T10:34:48","date_gmt":"2014-05-09T08:34:48","guid":{"rendered":"http:\/\/poweramschlagzeug.de\/?page_id=5"},"modified":"2025-03-13T08:33:58","modified_gmt":"2025-03-13T06:33:58","slug":"biografie","status":"publish","type":"page","link":"https:\/\/poweramschlagzeug.de\/?page_id=5","title":{"rendered":"BIOGRAFIE"},"content":{"rendered":"<p><\/p>\n<p><strong><span style=\"text-decoration: underline;\">Marion M. Wetzel<\/span><\/strong><\/p>\n<p style=\"font-weight: 400;\">Renommierte Drummerin, Musikp\u00e4dagogin und Netzwerkerin**<\/p>\n<p style=\"font-weight: 400;\">Ihre musikalische Reise begann mit Saxophon und Klarinette, fand aber ihre wahre Berufung am Schlagzeug. Durch ihr Studium an der FFM Aschaffenburg (2001-2003), am drum department Stuttgart (2003-2014) und am Drumtrainer Berlin (2021-2022) hat sie eine beeindruckende musikalische Expertise entwickelt.<\/p>\n<p style=\"font-weight: 400;\">Neben ihren zahlreichen Live-Performances&nbsp; deutschlandweit ist es ihre ausgepr\u00e4gte F\u00e4higkeit zur Vernetzung, die sie besonders auszeichnet.<\/p>\n<p style=\"font-weight: 400;\">Ihre Karriere umfasst somit nicht nur leidenschaftliche Performances und Engagement f\u00fcr die musikalische Bildung sondern auch ihre F\u00e4higkeit, Menschen zu verbinden und Synergien zu schaffen. Sie steht somit exemplarisch f\u00fcr eine K\u00fcnstlerin, die ihre Vielseitigkeit nutzt, um die musikalische Landschaft aktiv mitzugestalten.<\/p>\n<p style=\"font-weight: 400;\">\n<\/p><p><strong><span style=\"text-decoration: underline;\">Ausbildung:<\/span><\/strong><\/p>\n<p><a href=\"http:\/\/www.fuchs-charrier.de\/index.html\">fuchs-charrier.de<\/a><\/p>\n<p><a href=\"http:\/\/www.chrismaldener.de\/\">chrismaldener<\/a><\/p>\n<p><a href=\"http:\/\/www.drumdepartment.de\">Stefan Sch\u00fctz<\/a><br><a href=\"http:\/\/www.danielmessina.de\/\">Daniel Messina<\/a><\/p>\n<p><a href=\"https:\/\/www.anikanilles.com\">Anika Nilles<\/a><\/p>\n<p><a href=\"http:\/\/claushessler.com\/de\">Claus Hessler<\/a><\/p>\n<p><a href=\"https:\/\/www.drumtrainer.com\/pro-training-berlin\/\">Dirk Erchinger Drumtrainer Berlin<\/a><\/p>\n<p>1999-2001 Ausbildung zur Popularkirchenmusikerin bei Michael Sch\u00fctz<\/p>\n<p>2001-2002 Privates Schlagzeugstudium bei Chris Maldener und Dieter<br>Steinmann (FFM Aschaffenburg);<\/p>\n<p>2001-2002 Ensemblecoaching bei Michael Sagmeister (FFM Aschaffenburg)<\/p>\n<p>2002-2007 Ausbildung am drum department Stuttgart; Stefan Sch\u00fctz<\/p>\n<p>2002-2014 Unterricht bei Stefan Sch\u00fctz und Daniel Messina<\/p>\n<p>2019-2020 regelm\u00e4ssig Unterricht bei Claus Hessler &nbsp; &nbsp;<\/p>\n<p>2021-2023 Profitraining Drumtrainer Berlin mit Abschluss (&#8222;Professional Drummer, Certificate of Higher Education)<\/p>\n<h2 class=\"h-custom-headline cs-ta-center man h3\">&nbsp;<\/h2>\n<p><strong><span style=\"text-decoration: underline;\">Masterclasses<\/span><\/strong><\/p>\n<p>Dave Weckl, Claus Hessler, Rene Cremers Wim de Vries, Dom Famularo, Mel Gaynor, Chester Thompson, Robee Ameen, Benny Greb, John Riley, Jim Chapin, Armin R\u00fchl, Claudia Brendler, Michael Sagmeister, Claus Hessler, Billy Ward, Gavin Harrison, Herb J\u00f6sch,&nbsp;Udo Masshoff, Anika Nilles, Chris Coleman, Matthias Daneck, Dirk Erchinger, Jost Nickel, Sebastian &#8222;<em>Based<\/em>&#8220; Krajewski, Felix Lehrmann, u.v.m<\/p>\n<p><strong><span style=\"text-decoration: underline;\">Unterricht<\/span><\/strong><\/p>\n<p>2003-2014 Dozentin f\u00fcr Schlagzeug am drum department Stuttgart (<a href=\"http:\/\/www.drumdepartment.de\/\" target=\"_blank\" rel=\"noopener noreferrer\">drumdepartment.de<\/a>)<br>seit 2005 Privatunterricht in T\u00fcbingen und Umgebung<br>seit 2012 Lehrbeauftragte f\u00fcr Schlagzeug an der Hochschule f\u00fcr Kirchenmusik T\u00fcbingen Fachbereich Popularmusik <a href=\"http:\/\/www.kirchenmusikhochschule.de\/\" target=\"_blank\" rel=\"noopener noreferrer\">kirchenmusikhochschule.de<\/a><br>seit 2013 Unterricht in meiner eigenen Schule in Neckartenzlingen <a href=\"http:\/\/poweramschlagzeug.de\">poweramschlagzeug.de<\/a><\/p>\n<p>2012-2021 Dozentin f\u00fcr Schlagzeug am Jam Club T\u00fcbingen (<a href=\"http:\/\/www.jamclub.de\/\" target=\"_blank\" rel=\"noopener noreferrer\">jamclub.de<\/a>)<\/p>\n<p><strong><span style=\"text-decoration: underline;\">Bands:<\/span><\/strong><\/p>\n<p>4What Rockband ft.J\u00fcrgen Volk<\/p>\n<p>Mixtape-Die Band f\u00fcr Ihr Event <a href=\"http:\/\/mixtape.band\">mixtape.band<\/a><\/p>\n<p><span style=\"text-decoration: underline;\">TEB Allstars&nbsp;<a href=\"https:\/\/www.teb-allstars.de\/\">teb-allstars.de<\/a><\/span><\/p>\n<p>Gunther Sanwald&nbsp;<a href=\"https:\/\/www.gunther-sanwald.com\">gunther-sanwald.com<\/a><\/p>\n<p>Heldenpause&nbsp;<a href=\"http:\/\/fabian-und-anna.de\">fabian-und-anna.de&nbsp;<\/a><\/p>\n<p>Lia Reyna <a href=\"http:\/\/www.lia-reyna.com\/\" target=\"_blank\" rel=\"noopener noreferrer\">lia-reyna.com<\/a><\/p>\n<p>Jane Walters 4tett&nbsp;<a href=\"https:\/\/www.jane-walters.de\">jane-walters.de<\/a><\/p>\n<p>Ina Z&nbsp;<a href=\"https:\/\/www.ina-z.de\">ina-z.de<\/a><\/p>\n<p>Kashew <a href=\"http:\/\/www.kashew.com\/\" target=\"_blank\" rel=\"noopener noreferrer\">kashew.com<\/a><\/p>\n<p><\/p>\n\n\n<p><\/p>\n","protected":false},"excerpt":{"rendered":"<p>Marion M. Wetzel Renommierte Drummerin, Musikp\u00e4dagogin und Netzwerkerin** Ihre musikalische Reise begann mit Saxophon und Klarinette, fand aber ihre wahre Berufung am Schlagzeug. Durch ihr Studium an der FFM Aschaffenburg (2001-2003), am drum department Stuttgart (2003-2014) und am Drumtrainer Berlin<\/p>\n","protected":false},"author":1,"featured_media":0,"parent":0,"menu_order":0,"comment_status":"closed","ping_status":"open","template":"","meta":{"jetpack_post_was_ever_published":false,"footnotes":""},"class_list":["post-5","page","type-page","status-publish","hentry"],"jetpack_sharing_enabled":true,"jetpack_shortlink":"https:\/\/wp.me\/P5sYRk-5","_links":{"self":[{"href":"https:\/\/poweramschlagzeug.de\/index.php?rest_route=\/wp\/v2\/pages\/5","targetHints":{"allow":["GET"]}}],"collection":[{"href":"https:\/\/poweramschlagzeug.de\/index.php?rest_route=\/wp\/v2\/pages"}],"about":[{"href":"https:\/\/poweramschlagzeug.de\/index.php?rest_route=\/wp\/v2\/types\/page"}],"author":[{"embeddable":true,"href":"https:\/\/poweramschlagzeug.de\/index.php?rest_route=\/wp\/v2\/users\/1"}],"replies":[{"embeddable":true,"href":"https:\/\/poweramschlagzeug.de\/index.php?rest_route=%2Fwp%2Fv2%2Fcomments&post=5"}],"version-history":[{"count":83,"href":"https:\/\/poweramschlagzeug.de\/index.php?rest_route=\/wp\/v2\/pages\/5\/revisions"}],"predecessor-version":[{"id":1072,"href":"https:\/\/poweramschlagzeug.de\/index.php?rest_route=\/wp\/v2\/pages\/5\/revisions\/1072"}],"wp:attachment":[{"href":"https:\/\/poweramschlagzeug.de\/index.php?rest_route=%2Fwp%2Fv2%2Fmedia&parent=5"}],"curies":[{"name":"wp","href":"https:\/\/api.w.org\/{rel}","templated":true}]}}