{"id":255,"date":"2016-08-23T12:39:30","date_gmt":"2016-08-23T10:39:30","guid":{"rendered":"http:\/\/poweramschlagzeug.de\/?page_id=255"},"modified":"2019-11-01T13:17:31","modified_gmt":"2019-11-01T11:17:31","slug":"partner","status":"publish","type":"page","link":"https:\/\/poweramschlagzeug.de\/?page_id=255","title":{"rendered":"PARTNER"},"content":{"rendered":"<p><strong id=\"koch\"><a href=\"http:\/\/poweramschlagzeug.de\/wp-content\/uploads\/2017\/11\/IMG_8984.jpg\" data-rel=\"lightbox-image-0\" data-rl_title=\"\" data-rl_caption=\"\" title=\"\"><img loading=\"lazy\" decoding=\"async\" class=\"alignright wp-image-393\" src=\"http:\/\/poweramschlagzeug.de\/wp-content\/uploads\/2017\/11\/IMG_8984-300x230.jpg\" alt=\"\" width=\"450\" height=\"346\" srcset=\"https:\/\/poweramschlagzeug.de\/wp-content\/uploads\/2017\/11\/IMG_8984-300x230.jpg 300w, https:\/\/poweramschlagzeug.de\/wp-content\/uploads\/2017\/11\/IMG_8984-768x590.jpg 768w, https:\/\/poweramschlagzeug.de\/wp-content\/uploads\/2017\/11\/IMG_8984-1024x786.jpg 1024w, https:\/\/poweramschlagzeug.de\/wp-content\/uploads\/2017\/11\/IMG_8984.jpg 1391w\" sizes=\"auto, (max-width: 450px) 100vw, 450px\" \/><\/a>Simon Koch<\/strong><\/p>\n<p>aufgewachsen im kleinen beschaulichen Altdorf spiele ich seit meinem 8. Lebensjahr Schlagzeug. Die ersten Ber\u00fchrungspunkte mit der Musik habe ich schon im Kindesalter beim Musikverein Bempflinger Blasmusik erfahren. Im Musikverein bin ich heute auch noch aktiv und kann mittlerweile auf meine 20 j\u00e4hrige Orchestererfahrung zur\u00fcckblicken. Neben dem reinen Schlagzeugspiel bin ich auch nebenbei als Ausbilder im Bereich Drums und Percussion im Musikverein t\u00e4tig.<br \/>Erg\u00e4nzend zum Musikverein habe ich in unterschiedlichen Bands, mit den unterschiedlichsten Musikrichtungen gespielt oder spiele es immer noch. Hierbei habe ich neben Rock\/Pop auch die Genres Jazz, Reggae und traditionelle Volks- und Blasmusik kennengelernt.<\/p>\n<p>Ausbildung:<br \/>1995 \u2013 2003 Unterricht bei Joachim Czech (Musikschule Neckartailfingen)<br \/>2003 \u2013 2005 Unterricht f\u00fcr Mallets und Percussion (Musikschule Neckartailfingen)<br \/>2005 Unterricht bei Uli G\u00f6hring<br \/>Ab 2010 Unterricht bei Marion M. Wetzel<\/p>\n<p>Unterricht:<br \/>2005 \u2013 2008 Dozent f\u00fcr Schlagzeug beim Musikverein Bempflinger Blasmusik<br \/>2008 \u2013 2010 Privatunterricht in Bempflingen und Umgebung<\/p>\n<p>Aktuelle Bands:<br \/><a href=\"https:\/\/de-de.facebook.com\/BML-B%C3%B6hmisch-M%C3%A4hrisch-Lite-209715629121561\/\" target=\"_blank\" rel=\"noopener noreferrer\">BML<\/a><br \/><a href=\"https:\/\/de-de.facebook.com\/%C3%96hrlestaler-M%C3%A4hrische-Musikanten-1011924958821910\/\" target=\"_blank\" rel=\"noopener noreferrer\">\u00d6hrlestaler M\u00e4hrische Musikanten<\/a><br \/>Tannenz\u00e4pfla (BigBand und Blasmusik)<br \/><a href=\"http:\/\/www.mv-bempflingen.de\/\" target=\"_blank\" rel=\"noopener noreferrer\">Musikverein Bempflinger Blasmusik<\/a><\/p>\n<p>\u00a0<\/p>\n<p><strong id=\"heidrich\"><a href=\"http:\/\/poweramschlagzeug.de\/wp-content\/uploads\/2019\/11\/jan_heidrich.jpg\" data-rel=\"lightbox-image-1\" data-rl_title=\"\" data-rl_caption=\"\" title=\"\"><img loading=\"lazy\" decoding=\"async\" class=\"alignright wp-image-575\" src=\"http:\/\/poweramschlagzeug.de\/wp-content\/uploads\/2019\/11\/jan_heidrich.jpg\" alt=\"\" width=\"450\" height=\"300\" srcset=\"https:\/\/poweramschlagzeug.de\/wp-content\/uploads\/2019\/11\/jan_heidrich.jpg 1800w, https:\/\/poweramschlagzeug.de\/wp-content\/uploads\/2019\/11\/jan_heidrich-300x200.jpg 300w, https:\/\/poweramschlagzeug.de\/wp-content\/uploads\/2019\/11\/jan_heidrich-768x512.jpg 768w, https:\/\/poweramschlagzeug.de\/wp-content\/uploads\/2019\/11\/jan_heidrich-1024x683.jpg 1024w\" sizes=\"auto, (max-width: 450px) 100vw, 450px\" \/><\/a>Jan Heidrich<\/strong><\/p>\n<p>Am 17. Juni 1999 geboren und in Reutlingen aufgewachsen dauerte es nicht lange, bis mich die Begeisterung f\u00fcr das Schlagzeug erfasste. Zwischen f\u00fcnf und sechs Jahren begann ich, Kochutensilien und andere Haushaltsgegenst\u00e4nde meiner Eltern zweckentzufremden und baute mir daraus mein eigenes Schlagzeug. Im Alter von 7 Jahren hatte ich meine ersten Stunden Unterricht bei Marion Wetzel. Knapp 7 Jahre sp\u00e4ter begann ich sukzessive Kontakt mit anderen Musikern aufzubauen und fing an, auch au\u00dferhalb meines Elternhauses Schlagzeug zu spielen. Bis heute konnte ich dadurch einiges an Erfahrung im Livebereich unter anderem mit eigenen Projekten, Big Bands, Musicalbands- und Orchestern, Ch\u00f6ren, Bl\u00e4serkreisen, Akustikcombos als auch im Studio und in unterrichtender T\u00e4tigkeit sammeln. Bisherige Highlights meines musikalischen Werdegangs sind Auszeichnungen der BZN Musical AG-Produktionen mit dem Musik-Theater Lottopreis und den Preisen des Europ\u00e4ischen Jugend Musical Festivals oder das Konzert im M\u00e4rz 2019 mit meiner ehemaligen Schulbigband in Kooperation und der SWR Big Band. Gerne blicke ich auch auf mehrere Tontr\u00e4gerproduktionen mit eigenen Bands sowie auf zahlreiche Auftritte mit eben jenen oder im Rahmen meiner freiberuflichen T\u00e4tigkeit als Auftragsmusiker zur\u00fcck.<\/p>\n<p>Mein Abitur habe ich im Juli 2018 am BZN Gymnasium in Reutlingen-Rommelsbach absolviert, studiere seither Medienwissenschaften an der Eberhard-Karls-Universit\u00e4t in T\u00fcbingen und beziehe mein Einkommen aus der T\u00e4tigkeit als Musiker sowie gelegentlicher, journalistischer Mitarbeit im Reutlinger General-Anzeiger.\u00a0<\/p>\n<p>\u00a0<\/p>\n<p>Ausbildung:<\/p>\n<p>2006-2010 Unterricht in der Musikschule Bempflingen bei Marion Wetzel<\/p>\n<p>2010-2011 Unterricht in der Musikschule Bempflingen bei Adrian Kunkel<\/p>\n<p>2011-2014 Unterricht in der Musikschule Bempflingen bei Eckhard Friesch<\/p>\n<p>2014-2017 Unterricht bei Marion Wetzel in ihrer eigenen Schlagzeugschule<\/p>\n<p>2016 Masterclass bei Udo Dahmen an der Popakademie Mannheim<\/p>\n<p>2017 Drumclinic bei Patrick Metzger im Jam Club T\u00fcbingen<\/p>\n<p>2017 Drumclinic Anika Nilles in T\u00fcbingen<\/p>\n<p>2017-2018 Unterricht bei Matthias Krautwald in Marion Wetzels Schlagzeugschule<\/p>\n<p>\u00a0<\/p>\n<p>Unterricht:<\/p>\n<p>Seit M\u00e4rz 2019 Privatunterricht in Reutlingen und Umgebung<\/p>\n<p>Seit M\u00e4rz 2019 Lehrbeauftragter f\u00fcr Schlagzeug des Original Raidwanger Dorfmusikanten e.V.<\/p>\n<p>Seit April 2019 gelegentliche Aushilfen an der Schlagzeugschule von Marion Wetzel<\/p>\n<p>Seit September 2019 Schlagzeugunterricht an der Schlagzeugschule von Marion Wetzel<\/p>\n<p>\u00a0<\/p>\n<p>Aktuelle Bands und Projekte:<\/p>\n<p><a href=\"http:\/\/junionmusic.com\/\" target=\"_blank\" rel=\"noopener noreferrer\">junion<\/a><\/p>\n<p><a href=\"https:\/\/www.timelessinkband.com\/\" target=\"_blank\" rel=\"noopener noreferrer\">T I M E L E S S\u00a0\u2800I N K<\/a><\/p>\n<p><a href=\"https:\/\/www.chorliron.de\/\" target=\"_blank\" rel=\"noopener noreferrer\">Chorliron<\/a><\/p>\n<p><a href=\"https:\/\/www.musical-academy-tuebingen.de\/\" target=\"_blank\" rel=\"noopener noreferrer\">Musical Academy T\u00fcbingen<\/a>\u00a0<\/p>\n<p><a href=\"https:\/\/www.bzn-musical.de\/\" target=\"_blank\" rel=\"noopener noreferrer\">BZN musical AG<\/a>\u00a0<\/p>\n<p>\u00a0<\/p>\n","protected":false},"excerpt":{"rendered":"<p>Simon Koch aufgewachsen im kleinen beschaulichen Altdorf spiele ich seit meinem 8. Lebensjahr Schlagzeug. Die ersten Ber\u00fchrungspunkte mit der Musik habe ich schon im Kindesalter beim Musikverein Bempflinger Blasmusik erfahren. Im Musikverein bin ich heute auch noch aktiv und kann<\/p>\n","protected":false},"author":2,"featured_media":0,"parent":0,"menu_order":0,"comment_status":"closed","ping_status":"open","template":"","meta":{"jetpack_post_was_ever_published":false,"footnotes":""},"class_list":["post-255","page","type-page","status-publish","hentry"],"jetpack_sharing_enabled":true,"jetpack_shortlink":"https:\/\/wp.me\/P5sYRk-47","_links":{"self":[{"href":"https:\/\/poweramschlagzeug.de\/index.php?rest_route=\/wp\/v2\/pages\/255","targetHints":{"allow":["GET"]}}],"collection":[{"href":"https:\/\/poweramschlagzeug.de\/index.php?rest_route=\/wp\/v2\/pages"}],"about":[{"href":"https:\/\/poweramschlagzeug.de\/index.php?rest_route=\/wp\/v2\/types\/page"}],"author":[{"embeddable":true,"href":"https:\/\/poweramschlagzeug.de\/index.php?rest_route=\/wp\/v2\/users\/2"}],"replies":[{"embeddable":true,"href":"https:\/\/poweramschlagzeug.de\/index.php?rest_route=%2Fwp%2Fv2%2Fcomments&post=255"}],"version-history":[{"count":12,"href":"https:\/\/poweramschlagzeug.de\/index.php?rest_route=\/wp\/v2\/pages\/255\/revisions"}],"predecessor-version":[{"id":576,"href":"https:\/\/poweramschlagzeug.de\/index.php?rest_route=\/wp\/v2\/pages\/255\/revisions\/576"}],"wp:attachment":[{"href":"https:\/\/poweramschlagzeug.de\/index.php?rest_route=%2Fwp%2Fv2%2Fmedia&parent=255"}],"curies":[{"name":"wp","href":"https:\/\/api.w.org\/{rel}","templated":true}]}}