{"id":14,"date":"2014-05-09T10:49:48","date_gmt":"2014-05-09T08:49:48","guid":{"rendered":"http:\/\/poweramschlagzeug.de\/?page_id=14"},"modified":"2025-04-27T07:28:23","modified_gmt":"2025-04-27T05:28:23","slug":"unterricht","status":"publish","type":"page","link":"https:\/\/poweramschlagzeug.de\/?page_id=14","title":{"rendered":"UNTERRICHT"},"content":{"rendered":"<h3><\/h3>\n<h3><\/h3>\n<h3>Liebe Trommler:innen,<a href=\"http:\/\/poweramschlagzeug.de\/wp-content\/uploads\/2024\/09\/favicon.jpg\" data-rel=\"lightbox-image-0\" data-rl_title=\"\" data-rl_caption=\"\" title=\"\"><img loading=\"lazy\" decoding=\"async\" class=\"wp-image-1028 size-full alignright\" src=\"http:\/\/poweramschlagzeug.de\/wp-content\/uploads\/2024\/09\/favicon.jpg\" alt=\"\" width=\"201\" height=\"210\" \/><\/a><\/h3>\n<p>Wir bieten euch individuellen, professionellen Schlagzeugunterricht mit jeder Menge Spa\u00df an. Dabei wird f\u00fcr jede:n ein passendes Konzept erstellt &#8230;.Groove, Timing, Dynamik, Musikalit\u00e4t und wie schon erw\u00e4hnt Spa\u00df sind nur einige Inhalte unseres Unterrichts.<\/p>\n<p>Wenn ihr also Lust habt, dieses faszinierende Instrument zu erlernen oder auch mal nur auszuprobieren, hier habt ihr die M\u00f6glichkeit, jede*r ist willkommen.<\/p>\n<p>F\u00fcr eine Probestunde einfach das Kontaktforumular ausf\u00fcllen, wir freuen uns auf deine Nachricht!<\/p>\n<p>Marion und Simon<\/p>\n<h3>TEAM<\/h3>\n<table border=\"0\" cellspacing=\"10\">\n<tbody>\n<tr>\n<td><a href=\"http:\/\/poweramschlagzeug.de\/wp-content\/uploads\/2025\/03\/Marion_Juni24_-155-scaled.jpg\" data-rel=\"lightbox-image-1\" data-rl_title=\"\" data-rl_caption=\"\" title=\"\"><img loading=\"lazy\" decoding=\"async\" class=\"alignnone wp-image-1076 size-medium\" src=\"http:\/\/poweramschlagzeug.de\/wp-content\/uploads\/2025\/03\/Marion_Juni24_-155-200x300.jpg\" alt=\"\" width=\"200\" height=\"300\" srcset=\"https:\/\/poweramschlagzeug.de\/wp-content\/uploads\/2025\/03\/Marion_Juni24_-155-200x300.jpg 200w, https:\/\/poweramschlagzeug.de\/wp-content\/uploads\/2025\/03\/Marion_Juni24_-155-683x1024.jpg 683w, https:\/\/poweramschlagzeug.de\/wp-content\/uploads\/2025\/03\/Marion_Juni24_-155-768x1152.jpg 768w, https:\/\/poweramschlagzeug.de\/wp-content\/uploads\/2025\/03\/Marion_Juni24_-155-1024x1536.jpg 1024w, https:\/\/poweramschlagzeug.de\/wp-content\/uploads\/2025\/03\/Marion_Juni24_-155-1365x2048.jpg 1365w, https:\/\/poweramschlagzeug.de\/wp-content\/uploads\/2025\/03\/Marion_Juni24_-155-scaled.jpg 1707w\" sizes=\"auto, (max-width: 200px) 100vw, 200px\" \/><\/a><br \/>\nMarion M. Wetzel<br \/>\n<span style=\"font-size: small;\"><a href=\"mailto:info@poweramschlagzeug.de\">info@poweramschlagzeug.de<\/a><\/span><\/td>\n<td><a href=\"http:\/\/poweramschlagzeug.de\/?page_id=255\"><img loading=\"lazy\" decoding=\"async\" class=\"alignnone wp-image-396 size-medium\" src=\"http:\/\/poweramschlagzeug.de\/wp-content\/uploads\/2017\/11\/IMG_8984BW-900x900-300x300.png\" alt=\"\" width=\"300\" height=\"300\" srcset=\"https:\/\/poweramschlagzeug.de\/wp-content\/uploads\/2017\/11\/IMG_8984BW-900x900-300x300.png 300w, https:\/\/poweramschlagzeug.de\/wp-content\/uploads\/2017\/11\/IMG_8984BW-900x900-150x150.png 150w, https:\/\/poweramschlagzeug.de\/wp-content\/uploads\/2017\/11\/IMG_8984BW-900x900-768x767.png 768w, https:\/\/poweramschlagzeug.de\/wp-content\/uploads\/2017\/11\/IMG_8984BW-900x900-270x270.png 270w, https:\/\/poweramschlagzeug.de\/wp-content\/uploads\/2017\/11\/IMG_8984BW-900x900-230x230.png 230w, https:\/\/poweramschlagzeug.de\/wp-content\/uploads\/2017\/11\/IMG_8984BW-900x900.png 901w\" sizes=\"auto, (max-width: 300px) 100vw, 300px\" \/><\/a><br \/>\nSimon Koch<br \/>\n<span style=\"font-size: small;\"><a href=\"mailto:s.koch@poweramschlagzeug.de\">s.koch@poweramschlagzeug.de<\/a><\/span><\/td>\n<td><\/td>\n<\/tr>\n<\/tbody>\n<\/table>\n<p>Wir bieten professionellen, modernen Schlagzeugunterricht mit individuellem Konzept f\u00fcr alle Altersklassen in Neckartenzlingen an.<\/p>\n<p>Der Unterricht findet in 72654 Neckartenzlingen , Ulrich Gminderstr. 8, statt.<\/p>\n<p>Workshops f\u00fcr Bands oder Vereine k\u00f6nnen direkt vor Ort in dem jeweiligen Proberaum stattfinden.<\/p>\n<p>Interesse?<br \/>\nEinfach eine <a href=\"http:\/\/poweramschlagzeug.de\/?page_id=18\">Probestunde<\/a> anfordern!!!<\/p>\n<p>Selbstverst\u00e4ndlich stehen wir bei Equipmentkauf- und fragen zur Seite!<\/p>\n<p>Ebenso stimmen oder befellen wir auf Anfrage Ihr \/ Euer Instrument<\/p>\n<h3>Preisliste* f\u00fcr Schlagzeugunterricht<\/h3>\n<p><a href=\"http:\/\/poweramschlagzeug.de\/?page_id=20\">Bitte den Hinweis im Impressum zum Thema &#8222;Mehrwertsteuer&#8220; beachten<\/a><\/p>\n<p style=\"font-weight: 400;\"><strong>Preisliste f\u00fcr Schlagzeugunterricht g\u00fcltig ab 01.11.24<\/strong><\/p>\n<p><b>1.1. Einzel vereinbarte und bezahlte Unterrichtsstunden<span class=\"Apple-converted-space\">\u00a0<\/span><\/b><b><\/b><\/p>\n<p><b>40,- \u20ac pro Unterrichtseinheit \u00e0 30 Minuten <\/b><\/p>\n<p><b>60,00 \u20ac pro Unterrichtseinheit \u00e0 45 Minuten <\/b><\/p>\n<p><b>80,00 \u20ac pro Unterrichtseinheit \u00e0 60 Minuten <\/b><i>(Zum Vergleich: 50 Minuten Psychotherapie kosten 118 \u20ac, 60 Minuten Einzel-Coaching in der Wirtschaft kosten zwischen 100 und 350 \u20ac.<\/i><i>)<\/i><i><\/i><\/p>\n<p>unsere Pakete bieten maximale Flexibilit\u00e4t f\u00fcr Sch\u00fcler*in und Lehrer*in<\/p>\n<div class=\"page\" title=\"Page 1\">\n<div class=\"layoutArea\">\n<div class=\"column\">\n<p><strong>10 x 30 Min \u00a0einmalig \u20ac 370,-<\/strong><\/p>\n<p><strong>10 x 45 Min einmalig \u20ac 550,-<\/strong><\/p>\n<p><strong>10 x 60 Min einmalig \u20ac 740,-\u00a0<\/strong><\/p>\n<p>*angelehnt an die Honorarstandarts des Deutschen Tonk\u00fcnslerverband<\/p>\n<p>Die Gebu\u0308hren sind im Voraus zu entrichten. Zahlungsmo\u0308glichkeiten per Banku\u0308berweisung PayPal oder auch in bar (gegen Quittung).<\/p>\n<\/div>\n<\/div>\n<p><img decoding=\"async\" src=\"data:image\/png;base64,iVBORw0KGgoAAAANSUhEUgAAAHcAAAABCAYAAADkQjFWAAAAAXNSR0IArs4c6QAAAHhlWElmTU0AKgAAAAgABAEaAAUAAAABAAAAPgEbAAUAAAABAAAARgEoAAMAAAABAAIAAIdpAAQAAAABAAAATgAAAAAAAeGJAAAEoAAB4YkAAASgAAOgAQADAAAAAQABAACgAgAEAAAAAQAAAHegAwAEAAAAAQAAAAEAAAAAP65XAAAAAAlwSFlzAAAQAwAAEAMBPCQIdwAAABRJREFUGBljZGBgqALiUTD8QuAUAOXuAUZJYRD1AAAAAElFTkSuQmCC\" alt=\"page1image47485824\" width=\"118.560000\" height=\"0.480000\" \/> <img decoding=\"async\" src=\"data:image\/png;base64,iVBORw0KGgoAAAANSUhEUgAAAPYAAAABCAYAAADthVNpAAAAAXNSR0IArs4c6QAAAHhlWElmTU0AKgAAAAgABAEaAAUAAAABAAAAPgEbAAUAAAABAAAARgEoAAMAAAABAAIAAIdpAAQAAAABAAAATgAAAAAAAsazAAAG1QACxrMAAAbVAAOgAQADAAAAAQABAACgAgAEAAAAAQAAAPagAwAEAAAAAQAAAAEAAAAAkSOsawAAAAlwSFlzAAAP\/wAAD\/8BYJF3zgAAABlJREFUKBVjZGBgqALiUTAaAqMhMHxC4CgA3AgBQWcNieYAAAAASUVORK5CYII=\" alt=\"page1image47489152\" width=\"245.520000\" height=\"0.480000\" \/> <img decoding=\"async\" src=\"data:image\/png;base64,iVBORw0KGgoAAAANSUhEUgAAAWIAAAABCAYAAADkS6Q6AAAAAXNSR0IArs4c6QAAAHhlWElmTU0AKgAAAAgABAEaAAUAAAABAAAAPgEbAAUAAAABAAAARgEoAAMAAAABAAIAAIdpAAQAAAABAAAATgAAAAAAAUN3AAADHAABQ3cAAAMcAAOgAQADAAAAAQABAACgAgAEAAAAAQAAAWKgAwAEAAAAAQAAAAEAAAAAI11C7wAAAAlwSFlzAAAQAAAAEAABkZ0pGgAAAB5JREFUOBFjZGBgqALiUTAaAqMhMBoCoyEwMCGwHACtOQEjSj6L8QAAAABJRU5ErkJggg==\" alt=\"page1image47488736\" width=\"353.280000\" height=\"0.480000\" \/><\/p>\n<\/div>\n<p>In Ausnahmesituationen bieten wir auch Hausbesuche an. Wir berechnen Entfernung und Zeitaufwand individuell.<\/p>\n<p>Bei Interesse und Anfragen bitte das <a href=\"http:\/\/poweramschlagzeug.de\/?page_id=18\">Kontaktformular<\/a> benutzen.<\/p>\n<p>Im Falle eines Unterrichtsverbotes (Pandemie) bieten wir Fernunterricht per Skype oder Zoom zu o.g Konditionen an.<\/p>\n","protected":false},"excerpt":{"rendered":"<p>Liebe Trommler:innen, Wir bieten euch individuellen, professionellen Schlagzeugunterricht mit jeder Menge Spa\u00df an. Dabei wird f\u00fcr jede:n ein passendes Konzept erstellt &#8230;.Groove, Timing, Dynamik, Musikalit\u00e4t und wie schon erw\u00e4hnt Spa\u00df sind nur einige Inhalte unseres Unterrichts. Wenn ihr also Lust<\/p>\n","protected":false},"author":1,"featured_media":0,"parent":0,"menu_order":0,"comment_status":"closed","ping_status":"open","template":"","meta":{"jetpack_post_was_ever_published":false,"footnotes":""},"class_list":["post-14","page","type-page","status-publish","hentry"],"jetpack_sharing_enabled":true,"jetpack_shortlink":"https:\/\/wp.me\/P5sYRk-e","_links":{"self":[{"href":"https:\/\/poweramschlagzeug.de\/index.php?rest_route=\/wp\/v2\/pages\/14","targetHints":{"allow":["GET"]}}],"collection":[{"href":"https:\/\/poweramschlagzeug.de\/index.php?rest_route=\/wp\/v2\/pages"}],"about":[{"href":"https:\/\/poweramschlagzeug.de\/index.php?rest_route=\/wp\/v2\/types\/page"}],"author":[{"embeddable":true,"href":"https:\/\/poweramschlagzeug.de\/index.php?rest_route=\/wp\/v2\/users\/1"}],"replies":[{"embeddable":true,"href":"https:\/\/poweramschlagzeug.de\/index.php?rest_route=%2Fwp%2Fv2%2Fcomments&post=14"}],"version-history":[{"count":94,"href":"https:\/\/poweramschlagzeug.de\/index.php?rest_route=\/wp\/v2\/pages\/14\/revisions"}],"predecessor-version":[{"id":1103,"href":"https:\/\/poweramschlagzeug.de\/index.php?rest_route=\/wp\/v2\/pages\/14\/revisions\/1103"}],"wp:attachment":[{"href":"https:\/\/poweramschlagzeug.de\/index.php?rest_route=%2Fwp%2Fv2%2Fmedia&parent=14"}],"curies":[{"name":"wp","href":"https:\/\/api.w.org\/{rel}","templated":true}]}}